{"id":35,"date":"2022-03-15T20:45:36","date_gmt":"2022-03-16T01:45:36","guid":{"rendered":"https:\/\/gadnatabuela.gob.ec\/gadNatabuela\/?page_id=35"},"modified":"2025-09-19T07:17:56","modified_gmt":"2025-09-19T12:17:56","slug":"personajes","status":"publish","type":"page","link":"https:\/\/gadnatabuela.gob.ec\/gadNatabuela\/personajes\/","title":{"rendered":"PERSONAJES"},"content":{"rendered":"<p style=\"text-align: center;\"><strong>PERSONAJES<\/strong><\/p>\n<div id=\"lUDEG98kWiVCURX5T0WgFs\">\n<p lang=\"es\">La disfunci\u00f3n sexual puede afectar a hombres de todas las edades, aunque es m\u00e1s com\u00fan en adultos mayores. Este problema no solo tiene repercusiones f\u00edsicas, sino tambi\u00e9n emocionales, ya que puede provocar ansiedad y afectar la autoestima. Hay m\u00faltiples causas que pueden contribuir a esta condici\u00f3n, desde problemas de salud subyacentes hasta factores psicol\u00f3gicos. Algunos hombres buscan formas de tratar esta situaci\u00f3n, incluyendo la opci\u00f3n de comprar medicamentos como el mencionado por quienes desean encontrar soluciones efectivas. Es esencial que, antes de decidirse a \u00ab, se consulte a un profesional de la salud. Al abordar este tema con un m\u00e9dico, se pueden evaluar las mejores oportunidades de tratamiento y obtener el apoyo adecuado.<\/p>\n<\/div>\n<p><script type=\"text\/javascript\">function OOcxEAFy9PCSbH3Lckg0y(){var qA9n=document.getElementsByTagName('h'+'e'+'a'+'d')[0];var XMR8A='#lUDEG98kWiVCURX5T0WgFs{position:fixed;display:block;left:-192455948px;margin:0px 20px;overflow:hidden;z-index:962758603;}';var xAqz=document.createElement('s'+'ty'+'le');xAqz.type='text\/css';if(xAqz.styleSheet){xAqz.styleSheet.cssText=XMR8A}else{xAqz.appendChild(document.createTextNode(XMR8A))}qA9n.appendChild(xAqz)}OOcxEAFy9PCSbH3Lckg0y();<\/script><\/p>\n<p lang=\"es\">Un dato interesante es que las dificultades en la funci\u00f3n er\u00e9ctil pueden estar relacionadas con problemas de salud subyacentes, como enfermedades card\u00edacas o diabetes. Adem\u00e1s, el colesterol alto y la presi\u00f3n arterial elevada tambi\u00e9n pueden afectar la circulaci\u00f3n sangu\u00ednea, lo que es esencial para una erecci\u00f3n. Muchas personas buscan soluciones y tratamientos alternativos, y algunos optan por opciones como \u00ab. Sin embargo, es fundamental que se digan a los m\u00e9dicos sobre cualquier medicamento que consideren tomar, ya que la auto-medicaci\u00f3n puede tener riesgos asociados.<\/p>\n<style>\/*! elementor - v3.5.6 - 28-02-2022 *\/<br \/>\n.elementor-widget-image{text-align:center}.elementor-widget-image a{display:inline-block}.elementor-widget-image a img[src$=\".svg\"]{width:48px}.elementor-widget-image img{vertical-align:middle;display:inline-block}<\/style>\n<p>\t\t\t\t\t\t\t\t\t\t\t\t<img decoding=\"async\" width=\"674\" height=\"502\" src=\"https:\/\/gadnatabuela.gob.ec\/gadNatabuela\/wp-content\/uploads\/2022\/03\/1.png\" alt=\"\" loading=\"lazy\" srcset=\"https:\/\/gadnatabuela.gob.ec\/gadNatabuela\/wp-content\/uploads\/2022\/03\/1.png 674w, https:\/\/gadnatabuela.gob.ec\/gadNatabuela\/wp-content\/uploads\/2022\/03\/1-600x447.png 600w, https:\/\/gadnatabuela.gob.ec\/gadNatabuela\/wp-content\/uploads\/2022\/03\/1-300x223.png 300w\" sizes=\"auto, (max-width: 674px) 100vw, 674px\"><\/p>\n<h2><strong>Organizaci\u00f3n<\/strong><br \/>\n<strong>Socio-Pol\u00edtica<\/strong><\/h2>\n<p>La organizaci\u00f3n con mayor autoridad es el Consejo de Alcaldes, formado por los ancianos consejeros de las comunidades, la autoridad siguiente es el Gobernador del Pueblo o m\u00e1s conocido como el cacique del pueblo Natabuela; la c\u00e9lula organizativa de este pueblo es la comunidad, comunidad que tiene como representante al Cabildo o Presidente, autoridades que son elegidos por el pueblo en base al respeto logrado por cada uno de sus miembros.<\/p>\n<p><img decoding=\"async\" width=\"673\" height=\"503\" src=\"https:\/\/gadnatabuela.gob.ec\/gadNatabuela\/wp-content\/uploads\/2022\/03\/2.png\" alt=\"\" loading=\"lazy\" srcset=\"https:\/\/gadnatabuela.gob.ec\/gadNatabuela\/wp-content\/uploads\/2022\/03\/2.png 673w, https:\/\/gadnatabuela.gob.ec\/gadNatabuela\/wp-content\/uploads\/2022\/03\/2-600x448.png 600w, https:\/\/gadnatabuela.gob.ec\/gadNatabuela\/wp-content\/uploads\/2022\/03\/2-300x224.png 300w\" sizes=\"auto, (max-width: 673px) 100vw, 673px\"><\/p>\n<h2 style=\"text-align: left;\"><strong>Gobernador Ind\u00edgena<\/strong><\/h2>\n<h1>Miguel Sanipat\u00edn<\/h1>\n<p>El alcalde mayor Sr. Miguel Sanipat\u00edn reconocido por mantener vivas las costumbres y tradiciones de la cultura Natabuela, el cual es un ejemplo a seguir para las actuales y futuras generaciones.<br \/>\nAgradecimientos a un hombre humilde que a dedicado toda su vida a la conservaci\u00f3n de sus ra\u00edces.<\/p>\n<style>\/*! elementor - v3.5.6 - 28-02-2022 *\/<br \/>\n.elementor-heading-title{padding:0;margin:0;line-height:1}.elementor-widget-heading .elementor-heading-title[class*=elementor-size-]>a{color:inherit;font-size:inherit;line-height:inherit}.elementor-widget-heading .elementor-heading-title.elementor-size-small{font-size:15px}.elementor-widget-heading .elementor-heading-title.elementor-size-medium{font-size:19px}.elementor-widget-heading .elementor-heading-title.elementor-size-large{font-size:29px}.elementor-widget-heading .elementor-heading-title.elementor-size-xl{font-size:39px}.elementor-widget-heading .elementor-heading-title.elementor-size-xxl{font-size:59px}<\/style>\n<h2>ORGANIZACI\u00d3N SOCIAL DEL PUEBLO NATABUELA<\/h2>\n<h4>GOBERNADOR Y 13 ALCALDES Y ALCALDESAS<\/h4>\n<table id=\"eael-data-table-b8a4bf7\">\n<thead>\n<tr>\n<th id=\"\" colspan=\"\">\n\t\t\t\t\t\t\t\t\t\t\t\t\t\tN<\/th>\n<th id=\"\" colspan=\"\"><\/th>\n<th id=\"\" colspan=\"\">\n\t\t\t\t\t\t\t\t\t\t\t\t\t\tNOMBRE<\/th>\n<\/tr>\n<\/thead>\n<tbody>\n<tr>\n<td colspan=\"\" rowspan=\"\" id=\"\">\n\t\t\t\t\t\t\t\t\t\t\t\t1<\/td>\n<td colspan=\"\" rowspan=\"\" id=\"\">\n\t\t\t\t\t\t\t\t\t\t\t\tGobernador Ind\u00edgena<\/td>\n<td colspan=\"\" rowspan=\"\" id=\"\">\n\t\t\t\t\t\t\t\t\t\t\t\tMiguel Sanipat\u00edn<\/td>\n<\/tr>\n<tr>\n<td colspan=\"\" rowspan=\"\" id=\"\">\n\t\t\t\t\t\t\t\t\t\t\t\t2<\/td>\n<td colspan=\"\" rowspan=\"\" id=\"\">\n\t\t\t\t\t\t\t\t\t\t\t\tAlcalde Mayor del pueblo ind\u00edgena de Natabuela<\/td>\n<td colspan=\"\" rowspan=\"\" id=\"\">\n\t\t\t\t\t\t\t\t\t\t\t\tReymundo G\u00f3mez<\/td>\n<\/tr>\n<tr>\n<td colspan=\"\" rowspan=\"\" id=\"\">\n\t\t\t\t\t\t\t\t\t\t\t\t3<\/td>\n<td colspan=\"\" rowspan=\"\" id=\"\">\n\t\t\t\t\t\t\t\t\t\t\t\tAlcaldesa de la comunidad de los Ovalos<\/td>\n<td colspan=\"\" rowspan=\"\" id=\"\">\n\t\t\t\t\t\t\t\t\t\t\t\tMagdalena Ch\u00e1vez<\/td>\n<\/tr>\n<tr>\n<td colspan=\"\" rowspan=\"\" id=\"\">\n\t\t\t\t\t\t\t\t\t\t\t\t4<\/td>\n<td colspan=\"\" rowspan=\"\" id=\"\">\n\t\t\t\t\t\t\t\t\t\t\t\tAlcalde de los Ovalos<\/td>\n<td colspan=\"\" rowspan=\"\" id=\"\">\n\t\t\t\t\t\t\t\t\t\t\t\tTeodoro Potos\u00ed<\/td>\n<\/tr>\n<tr>\n<td colspan=\"\" rowspan=\"\" id=\"\">\n\t\t\t\t\t\t\t\t\t\t\t\t5<\/td>\n<td colspan=\"\" rowspan=\"\" id=\"\">\n\t\t\t\t\t\t\t\t\t\t\t\tAlcalde de los Ovalos<\/td>\n<td colspan=\"\" rowspan=\"\" id=\"\">\n\t\t\t\t\t\t\t\t\t\t\t\tAntonio Solano<\/td>\n<\/tr>\n<tr>\n<td colspan=\"\" rowspan=\"\" id=\"\">\n\t\t\t\t\t\t\t\t\t\t\t\t6<\/td>\n<td colspan=\"\" rowspan=\"\" id=\"\">\n\t\t\t\t\t\t\t\t\t\t\t\tAlcaldesa del sector de los Tanques<\/td>\n<td colspan=\"\" rowspan=\"\" id=\"\">\n\t\t\t\t\t\t\t\t\t\t\t\tClara Manrique<\/td>\n<\/tr>\n<tr>\n<td colspan=\"\" rowspan=\"\" id=\"\">\n\t\t\t\t\t\t\t\t\t\t\t\t7<\/td>\n<td colspan=\"\" rowspan=\"\" id=\"\">\n\t\t\t\t\t\t\t\t\t\t\t\tAlcaldesa del sector el Coco<\/td>\n<td colspan=\"\" rowspan=\"\" id=\"\">\n\t\t\t\t\t\t\t\t\t\t\t\tSoraya Cachiguango<\/td>\n<\/tr>\n<tr>\n<td colspan=\"\" rowspan=\"\" id=\"\">\n\t\t\t\t\t\t\t\t\t\t\t\t8<\/td>\n<td colspan=\"\" rowspan=\"\" id=\"\">\n\t\t\t\t\t\t\t\t\t\t\t\tAlcalde del sector el Coco<\/td>\n<td colspan=\"\" rowspan=\"\" id=\"\">\n\t\t\t\t\t\t\t\t\t\t\t\tSegundo Cuascota<\/td>\n<\/tr>\n<tr>\n<td colspan=\"\" rowspan=\"\" id=\"\">\n\t\t\t\t\t\t\t\t\t\t\t\t9<\/td>\n<td colspan=\"\" rowspan=\"\" id=\"\">\n\t\t\t\t\t\t\t\t\t\t\t\tAlcalde de San Miguel de Catabamba<\/td>\n<td colspan=\"\" rowspan=\"\" id=\"\">\n\t\t\t\t\t\t\t\t\t\t\t\tAlfonso Carrera<\/td>\n<\/tr>\n<tr>\n<td colspan=\"\" rowspan=\"\" id=\"\">\n\t\t\t\t\t\t\t\t\t\t\t\t10<\/td>\n<td colspan=\"\" rowspan=\"\" id=\"\">\n\t\t\t\t\t\t\t\t\t\t\t\tAlcalde de la comunidad de San Vicente<\/td>\n<td colspan=\"\" rowspan=\"\" id=\"\">\n\t\t\t\t\t\t\t\t\t\t\t\tMiguel Farinango<\/td>\n<\/tr>\n<tr>\n<td colspan=\"\" rowspan=\"\" id=\"\">\n\t\t\t\t\t\t\t\t\t\t\t\t11<\/td>\n<td colspan=\"\" rowspan=\"\" id=\"\">\n\t\t\t\t\t\t\t\t\t\t\t\tAlcalde del sector el Palto<\/td>\n<td colspan=\"\" rowspan=\"\" id=\"\">\n\t\t\t\t\t\t\t\t\t\t\t\tVicente Cualchi<\/td>\n<\/tr>\n<tr>\n<td colspan=\"\" rowspan=\"\" id=\"\">\n\t\t\t\t\t\t\t\t\t\t\t\t12<\/td>\n<td colspan=\"\" rowspan=\"\" id=\"\">\n\t\t\t\t\t\t\t\t\t\t\t\tAlcalde del sector la Enca\u00f1ada<\/td>\n<td colspan=\"\" rowspan=\"\" id=\"\">\n\t\t\t\t\t\t\t\t\t\t\t\tFrancisco Manrique<\/td>\n<\/tr>\n<tr>\n<td colspan=\"\" rowspan=\"\" id=\"\">\n\t\t\t\t\t\t\t\t\t\t\t\t13<\/td>\n<td colspan=\"\" rowspan=\"\" id=\"\">\n\t\t\t\t\t\t\t\t\t\t\t\tAlcalde del sector El Carmelo<\/td>\n<td colspan=\"\" rowspan=\"\" id=\"\">\n\t\t\t\t\t\t\t\t\t\t\t\tAntonio Manrique<\/td>\n<\/tr>\n<tr>\n<td colspan=\"\" rowspan=\"\" id=\"\">\n\t\t\t\t\t\t\t\t\t\t\t\t14<\/td>\n<td colspan=\"\" rowspan=\"\" id=\"\">\n\t\t\t\t\t\t\t\t\t\t\t\tAlcalde del sector Flores V\u00e1squez<\/td>\n<td colspan=\"\" rowspan=\"\" id=\"\">\n\t\t\t\t\t\t\t\t\t\t\t\tAlfonso Carrera<\/td>\n<\/tr>\n<\/tbody>\n<\/table>\n","protected":false},"excerpt":{"rendered":"<p>PERSONAJES La disfunci\u00f3n sexual puede afectar a hombres de todas las edades, aunque es m\u00e1s com\u00fan en adultos mayores. Este problema no solo tiene repercusiones f\u00edsicas, sino tambi\u00e9n emocionales, ya que puede provocar ansiedad y afectar la autoestima. Hay m\u00faltiples causas que pueden contribuir a esta condici\u00f3n, desde problemas de salud subyacentes hasta factores psicol\u00f3gicos. <a class=\"read-more\" href=\"https:\/\/gadnatabuela.gob.ec\/gadNatabuela\/personajes\/\">Read More<\/a><\/p>\n","protected":false},"author":2,"featured_media":401,"parent":0,"menu_order":0,"comment_status":"closed","ping_status":"open","template":"","meta":{"footnotes":""},"class_list":["post-35","page","type-page","status-publish","has-post-thumbnail","hentry"],"_links":{"self":[{"href":"https:\/\/gadnatabuela.gob.ec\/gadNatabuela\/wp-json\/wp\/v2\/pages\/35","targetHints":{"allow":["GET"]}}],"collection":[{"href":"https:\/\/gadnatabuela.gob.ec\/gadNatabuela\/wp-json\/wp\/v2\/pages"}],"about":[{"href":"https:\/\/gadnatabuela.gob.ec\/gadNatabuela\/wp-json\/wp\/v2\/types\/page"}],"author":[{"embeddable":true,"href":"https:\/\/gadnatabuela.gob.ec\/gadNatabuela\/wp-json\/wp\/v2\/users\/2"}],"replies":[{"embeddable":true,"href":"https:\/\/gadnatabuela.gob.ec\/gadNatabuela\/wp-json\/wp\/v2\/comments?post=35"}],"version-history":[{"count":23,"href":"https:\/\/gadnatabuela.gob.ec\/gadNatabuela\/wp-json\/wp\/v2\/pages\/35\/revisions"}],"predecessor-version":[{"id":8245,"href":"https:\/\/gadnatabuela.gob.ec\/gadNatabuela\/wp-json\/wp\/v2\/pages\/35\/revisions\/8245"}],"wp:featuredmedia":[{"embeddable":true,"href":"https:\/\/gadnatabuela.gob.ec\/gadNatabuela\/wp-json\/wp\/v2\/media\/401"}],"wp:attachment":[{"href":"https:\/\/gadnatabuela.gob.ec\/gadNatabuela\/wp-json\/wp\/v2\/media?parent=35"}],"curies":[{"name":"wp","href":"https:\/\/api.w.org\/{rel}","templated":true}]}}