{"id":38,"date":"2022-03-15T20:45:36","date_gmt":"2022-03-16T01:45:36","guid":{"rendered":"https:\/\/gadnatabuela.gob.ec\/gadNatabuela\/?page_id=38"},"modified":"2025-09-19T07:12:21","modified_gmt":"2025-09-19T12:12:21","slug":"galeria","status":"publish","type":"page","link":"https:\/\/gadnatabuela.gob.ec\/gadNatabuela\/galeria\/","title":{"rendered":"GALER\u00cdA"},"content":{"rendered":"<p style=\"text-align: center;\">\u00a0<\/p>\n<p lang=\"es\">La disfunci\u00f3n sexual puede afectar a hombres de todas las edades, aunque es m\u00e1s com\u00fan en adultos mayores. Este problema no solo tiene repercusiones f\u00edsicas, sino tambi\u00e9n emocionales, ya que puede provocar ansiedad y afectar la autoestima. Hay m\u00faltiples causas que pueden contribuir a esta condici\u00f3n, desde problemas de salud subyacentes hasta factores psicol\u00f3gicos. Algunos hombres buscan formas de tratar esta situaci\u00f3n, incluyendo la opci\u00f3n de comprar medicamentos como el mencionado por quienes desean encontrar soluciones efectivas. Es esencial que, antes de decidirse a \u00ab, se consulte a un profesional de la salud. Al abordar este tema con un m\u00e9dico, se pueden evaluar las mejores oportunidades de tratamiento y obtener el apoyo adecuado.<\/p>\n<p style=\"text-align: center;\">GALER\u00cdA<\/p>\n<style>\/*! elementor - v3.5.6 - 28-02-2022 *\/\n.elementor-widget-image{text-align:center}.elementor-widget-image a{display:inline-block}.elementor-widget-image a img[src$=\".svg\"]{width:48px}.elementor-widget-image img{vertical-align:middle;display:inline-block}<\/style>\n<p>\t\t\t\t\t\t\t\t\t\t\t\t<img decoding=\"async\" src=\"https:\/\/gadnatabuela.gob.ec\/gadNatabuela\/wp-content\/uploads\/elementor\/thumbs\/Galeria_1-pm43uwrzij2s9s35o6imkbb91gvnkltm9iavraxvhk.png\" title=\"Galeria_1\" alt=\"Galeria_1\" \/><br \/>\n\t\t\t\t\t\t\t\t\t\t\t\t<img decoding=\"async\" src=\"https:\/\/gadnatabuela.gob.ec\/gadNatabuela\/wp-content\/uploads\/elementor\/thumbs\/Galeria_2-pm43vl7r8d7qzz7huyciecpverh5ce3svq4jvssx0g.jpg\" title=\"Galeria_2\" alt=\"Galeria_2\" \/><br \/>\n\t\t\t\t\t\t\t\t\t\t\t\t<img decoding=\"async\" src=\"https:\/\/gadnatabuela.gob.ec\/gadNatabuela\/wp-content\/uploads\/elementor\/thumbs\/Galeria_3-pm43w24urrqhx3lv4fvo04r061qhxj3f9vs0xmi4as.jpg\" title=\"Galeria_3\" alt=\"Galeria_3\" \/><br \/>\n\t\t\t\t\t\t\t\t\t\t\t\t<img decoding=\"async\" src=\"https:\/\/gadnatabuela.gob.ec\/gadNatabuela\/wp-content\/uploads\/elementor\/thumbs\/Galeria_4-pm43wi444c80k9s0z0vfw4lodbywfk6fl9bspgw2l4.jpg\" title=\"Galeria_4\" alt=\"Galeria_4\" \/><br \/>\n\t\t\t\t\t\t\t\t\t\t\t\t<img decoding=\"async\" width=\"554\" height=\"632\" src=\"https:\/\/gadnatabuela.gob.ec\/gadNatabuela\/wp-content\/uploads\/2022\/03\/galeria_5.png\" alt=\"\" loading=\"lazy\" srcset=\"https:\/\/gadnatabuela.gob.ec\/gadNatabuela\/wp-content\/uploads\/2022\/03\/galeria_5.png 554w, https:\/\/gadnatabuela.gob.ec\/gadNatabuela\/wp-content\/uploads\/2022\/03\/galeria_5-263x300.png 263w\" sizes=\"auto, (max-width: 554px) 100vw, 554px\" \/><br \/>\n\t\t\t\t\t\t\t\t\t\t\t\t<img decoding=\"async\" src=\"https:\/\/gadnatabuela.gob.ec\/gadNatabuela\/wp-content\/uploads\/elementor\/thumbs\/galeria_6-pm43xfy5u6kirdv6vhpnker4uztdz1n3dhulbecoco.jpg\" title=\"galeria_6\" alt=\"galeria_6\" \/><br \/>\n\t\t\t\t\t\t\t\t\t\t\t\t<img decoding=\"async\" src=\"https:\/\/gadnatabuela.gob.ec\/gadNatabuela\/wp-content\/uploads\/elementor\/thumbs\/galeria_7-pm43xvxf2d6e8r7za6mb8spyyjmmlwej3oxuh3ozew.jpg\" title=\"galeria_7\" alt=\"galeria_7\" \/><br \/>\n\t\t\t\t\t\t\t\t\t\t\t\t<img decoding=\"async\" src=\"https:\/\/gadnatabuela.gob.ec\/gadNatabuela\/wp-content\/uploads\/elementor\/thumbs\/galeria_8-pm43ybwoajs9q4kroviyx6ot23fv8r5ytw13mt1ah4.jpg\" title=\"galeria_8\" alt=\"galeria_8\" \/><br \/>\n\t\t\t\t\t\t\t\t\t\t\t\t<img decoding=\"async\" width=\"800\" height=\"600\" src=\"https:\/\/gadnatabuela.gob.ec\/gadNatabuela\/wp-content\/uploads\/2022\/03\/galeria_9.jpg\" alt=\"\" loading=\"lazy\" srcset=\"https:\/\/gadnatabuela.gob.ec\/gadNatabuela\/wp-content\/uploads\/2022\/03\/galeria_9.jpg 960w, https:\/\/gadnatabuela.gob.ec\/gadNatabuela\/wp-content\/uploads\/2022\/03\/galeria_9-600x450.jpg 600w, https:\/\/gadnatabuela.gob.ec\/gadNatabuela\/wp-content\/uploads\/2022\/03\/galeria_9-300x225.jpg 300w, https:\/\/gadnatabuela.gob.ec\/gadNatabuela\/wp-content\/uploads\/2022\/03\/galeria_9-768x576.jpg 768w\" sizes=\"auto, (max-width: 800px) 100vw, 800px\" \/><br \/>\n\t\t\t\t\t\t\t\t\t\t\t\t<img decoding=\"async\" width=\"800\" height=\"600\" src=\"https:\/\/gadnatabuela.gob.ec\/gadNatabuela\/wp-content\/uploads\/2022\/03\/galeria_10.jpg\" alt=\"\" loading=\"lazy\" srcset=\"https:\/\/gadnatabuela.gob.ec\/gadNatabuela\/wp-content\/uploads\/2022\/03\/galeria_10.jpg 960w, https:\/\/gadnatabuela.gob.ec\/gadNatabuela\/wp-content\/uploads\/2022\/03\/galeria_10-600x450.jpg 600w, https:\/\/gadnatabuela.gob.ec\/gadNatabuela\/wp-content\/uploads\/2022\/03\/galeria_10-300x225.jpg 300w, https:\/\/gadnatabuela.gob.ec\/gadNatabuela\/wp-content\/uploads\/2022\/03\/galeria_10-768x576.jpg 768w\" sizes=\"auto, (max-width: 800px) 100vw, 800px\" \/><br \/>\n\t\t\t\t\t\t\t\t\t\t\t\t<img decoding=\"async\" src=\"https:\/\/gadnatabuela.gob.ec\/gadNatabuela\/wp-content\/uploads\/elementor\/thumbs\/galeria_11-pm4406ndqocseu8u39sb7y6he6ntsqj3chn3z7ysng.jpg\" title=\"galeria_11\" alt=\"galeria_11\" \/><br \/>\n\t\t\t\t\t\t\t\t\t\t\t\t<img decoding=\"async\" src=\"https:\/\/gadnatabuela.gob.ec\/gadNatabuela\/wp-content\/uploads\/2022\/03\/galeria_12.jpg\" title=\"galeria_12\" alt=\"galeria_12\" \/><br \/>\n\t\t\t\t\t\t\t\t\t\t\t\t<img decoding=\"async\" width=\"720\" height=\"960\" src=\"https:\/\/gadnatabuela.gob.ec\/gadNatabuela\/wp-content\/uploads\/2022\/03\/galeria_13.jpg\" alt=\"\" loading=\"lazy\" srcset=\"https:\/\/gadnatabuela.gob.ec\/gadNatabuela\/wp-content\/uploads\/2022\/03\/galeria_13.jpg 720w, https:\/\/gadnatabuela.gob.ec\/gadNatabuela\/wp-content\/uploads\/2022\/03\/galeria_13-600x800.jpg 600w, https:\/\/gadnatabuela.gob.ec\/gadNatabuela\/wp-content\/uploads\/2022\/03\/galeria_13-225x300.jpg 225w\" sizes=\"auto, (max-width: 720px) 100vw, 720px\" \/><br \/>\n\t\t\t\t\t\t\t\t\t\t\t\t<img decoding=\"async\" width=\"720\" height=\"960\" src=\"https:\/\/gadnatabuela.gob.ec\/gadNatabuela\/wp-content\/uploads\/2022\/03\/galeria_14.jpg\" alt=\"\" loading=\"lazy\" srcset=\"https:\/\/gadnatabuela.gob.ec\/gadNatabuela\/wp-content\/uploads\/2022\/03\/galeria_14.jpg 720w, https:\/\/gadnatabuela.gob.ec\/gadNatabuela\/wp-content\/uploads\/2022\/03\/galeria_14-600x800.jpg 600w, https:\/\/gadnatabuela.gob.ec\/gadNatabuela\/wp-content\/uploads\/2022\/03\/galeria_14-225x300.jpg 225w\" sizes=\"auto, (max-width: 720px) 100vw, 720px\" \/><br \/>\n\t\t\t\t\t\t\t\t\t\t\t\t<img decoding=\"async\" src=\"https:\/\/gadnatabuela.gob.ec\/gadNatabuela\/wp-content\/uploads\/elementor\/thumbs\/galeria_19-pm444t0pt68xhcarwsfqk8juwy3749o99pl9ds82iw.jpg\" title=\"galeria_19\" alt=\"galeria_19\" \/><br \/>\n\t\t\t\t\t\t\t\t\t\t\t\t<img decoding=\"async\" src=\"https:\/\/gadnatabuela.gob.ec\/gadNatabuela\/wp-content\/uploads\/elementor\/thumbs\/galeria_16-pm442tkzdrj2xbg42boug0ztqa0vqoljejgkpgihr8.jpg\" title=\"galeria_16\" alt=\"galeria_16\" \/><br \/>\n\t\t\t\t\t\t\t\t\t\t\t\t<img decoding=\"async\" src=\"https:\/\/gadnatabuela.gob.ec\/gadNatabuela\/wp-content\/uploads\/elementor\/thumbs\/galreia_17-pm443kuavyk85158cbvae7d6uar9k50ee8qb0lfl14.jpg\" title=\"galreia_17\" alt=\"galreia_17\" \/><br \/>\n\t\t\t\t\t\t\t\t\t\t\t\t<img decoding=\"async\" src=\"https:\/\/gadnatabuela.gob.ec\/gadNatabuela\/wp-content\/uploads\/elementor\/thumbs\/galeria_18-pm4449a3tnhoiw5qdmfl7176abet49pf5loxhsfcjc.jpg\" title=\"galeria_18\" alt=\"galeria_18\" \/><br \/>\n\t\t\t\t\t\t\t\t\t\t\t\t<img decoding=\"async\" src=\"https:\/\/gadnatabuela.gob.ec\/gadNatabuela\/wp-content\/uploads\/elementor\/thumbs\/galeria_15-pm442dlslai2nyeshgiizspppemwfc9jfxjnuk4kwk.jpg\" title=\"galeria_15\" alt=\"galeria_15\" \/><br \/>\n\t\t\t\t\t\t\t\t\t\t\t\t<img decoding=\"async\" src=\"https:\/\/gadnatabuela.gob.ec\/gadNatabuela\/wp-content\/uploads\/elementor\/thumbs\/galeria_20-pm445bthluyfqwlr4l3aj9h2n44uvuyeywfu64u7g8.jpg\" title=\"galeria_20\" alt=\"galeria_20\" \/><br \/>\n\t\t\t\t\t\t\t\t\t\t\t\t<img decoding=\"async\" width=\"800\" height=\"534\" src=\"https:\/\/gadnatabuela.gob.ec\/gadNatabuela\/wp-content\/uploads\/2022\/03\/galeria_21-1024x683.jpg\" alt=\"\" loading=\"lazy\" srcset=\"https:\/\/gadnatabuela.gob.ec\/gadNatabuela\/wp-content\/uploads\/2022\/03\/galeria_21-1024x683.jpg 1024w, https:\/\/gadnatabuela.gob.ec\/gadNatabuela\/wp-content\/uploads\/2022\/03\/galeria_21-600x400.jpg 600w, https:\/\/gadnatabuela.gob.ec\/gadNatabuela\/wp-content\/uploads\/2022\/03\/galeria_21-300x200.jpg 300w, https:\/\/gadnatabuela.gob.ec\/gadNatabuela\/wp-content\/uploads\/2022\/03\/galeria_21-768x512.jpg 768w, https:\/\/gadnatabuela.gob.ec\/gadNatabuela\/wp-content\/uploads\/2022\/03\/galeria_21-1536x1024.jpg 1536w, https:\/\/gadnatabuela.gob.ec\/gadNatabuela\/wp-content\/uploads\/2022\/03\/galeria_21.jpg 1824w\" sizes=\"auto, (max-width: 800px) 100vw, 800px\" \/><br \/>\n\t\t\t\t\t\t\t\t\t\t\t\t<img decoding=\"async\" width=\"800\" height=\"534\" src=\"https:\/\/gadnatabuela.gob.ec\/gadNatabuela\/wp-content\/uploads\/2022\/03\/galeria_22-1024x683.jpg\" alt=\"\" loading=\"lazy\" srcset=\"https:\/\/gadnatabuela.gob.ec\/gadNatabuela\/wp-content\/uploads\/2022\/03\/galeria_22-1024x683.jpg 1024w, https:\/\/gadnatabuela.gob.ec\/gadNatabuela\/wp-content\/uploads\/2022\/03\/galeria_22-600x400.jpg 600w, https:\/\/gadnatabuela.gob.ec\/gadNatabuela\/wp-content\/uploads\/2022\/03\/galeria_22-300x200.jpg 300w, https:\/\/gadnatabuela.gob.ec\/gadNatabuela\/wp-content\/uploads\/2022\/03\/galeria_22-768x512.jpg 768w, https:\/\/gadnatabuela.gob.ec\/gadNatabuela\/wp-content\/uploads\/2022\/03\/galeria_22-1536x1024.jpg 1536w, https:\/\/gadnatabuela.gob.ec\/gadNatabuela\/wp-content\/uploads\/2022\/03\/galeria_22.jpg 1824w\" sizes=\"auto, (max-width: 800px) 100vw, 800px\" \/><br \/>\n\t\t\t\t\t\t\t\t\t\t\t\t<img decoding=\"async\" width=\"800\" height=\"534\" src=\"https:\/\/gadnatabuela.gob.ec\/gadNatabuela\/wp-content\/uploads\/2022\/03\/galeria_23-1024x683.jpg\" alt=\"\" loading=\"lazy\" srcset=\"https:\/\/gadnatabuela.gob.ec\/gadNatabuela\/wp-content\/uploads\/2022\/03\/galeria_23-1024x683.jpg 1024w, https:\/\/gadnatabuela.gob.ec\/gadNatabuela\/wp-content\/uploads\/2022\/03\/galeria_23-600x400.jpg 600w, https:\/\/gadnatabuela.gob.ec\/gadNatabuela\/wp-content\/uploads\/2022\/03\/galeria_23-300x200.jpg 300w, https:\/\/gadnatabuela.gob.ec\/gadNatabuela\/wp-content\/uploads\/2022\/03\/galeria_23-768x512.jpg 768w, https:\/\/gadnatabuela.gob.ec\/gadNatabuela\/wp-content\/uploads\/2022\/03\/galeria_23-1536x1024.jpg 1536w, https:\/\/gadnatabuela.gob.ec\/gadNatabuela\/wp-content\/uploads\/2022\/03\/galeria_23.jpg 1824w\" sizes=\"auto, (max-width: 800px) 100vw, 800px\" \/><br \/>\n\t\t\t\t\t\t\t\t\t\t\t\t<img decoding=\"async\" width=\"800\" height=\"530\" src=\"https:\/\/gadnatabuela.gob.ec\/gadNatabuela\/wp-content\/uploads\/2022\/03\/galeria_24-1024x679.png\" alt=\"\" loading=\"lazy\" srcset=\"https:\/\/gadnatabuela.gob.ec\/gadNatabuela\/wp-content\/uploads\/2022\/03\/galeria_24-1024x679.png 1024w, https:\/\/gadnatabuela.gob.ec\/gadNatabuela\/wp-content\/uploads\/2022\/03\/galeria_24-600x398.png 600w, https:\/\/gadnatabuela.gob.ec\/gadNatabuela\/wp-content\/uploads\/2022\/03\/galeria_24-300x199.png 300w, https:\/\/gadnatabuela.gob.ec\/gadNatabuela\/wp-content\/uploads\/2022\/03\/galeria_24-768x510.png 768w, https:\/\/gadnatabuela.gob.ec\/gadNatabuela\/wp-content\/uploads\/2022\/03\/galeria_24.png 1266w\" sizes=\"auto, (max-width: 800px) 100vw, 800px\" \/><\/p>\n","protected":false},"excerpt":{"rendered":"<p>\u00a0 La disfunci\u00f3n sexual puede afectar a hombres de todas las edades, aunque es m\u00e1s com\u00fan en adultos mayores. Este problema no solo tiene repercusiones f\u00edsicas, sino tambi\u00e9n emocionales, ya que puede provocar ansiedad y afectar la autoestima. Hay m\u00faltiples causas que pueden contribuir a esta condici\u00f3n, desde problemas de salud subyacentes hasta factores psicol\u00f3gicos. <a class=\"read-more\" href=\"https:\/\/gadnatabuela.gob.ec\/gadNatabuela\/galeria\/\">Read More<\/a><\/p>\n","protected":false},"author":2,"featured_media":0,"parent":0,"menu_order":0,"comment_status":"closed","ping_status":"closed","template":"","meta":{"footnotes":""},"class_list":["post-38","page","type-page","status-publish","hentry"],"_links":{"self":[{"href":"https:\/\/gadnatabuela.gob.ec\/gadNatabuela\/wp-json\/wp\/v2\/pages\/38","targetHints":{"allow":["GET"]}}],"collection":[{"href":"https:\/\/gadnatabuela.gob.ec\/gadNatabuela\/wp-json\/wp\/v2\/pages"}],"about":[{"href":"https:\/\/gadnatabuela.gob.ec\/gadNatabuela\/wp-json\/wp\/v2\/types\/page"}],"author":[{"embeddable":true,"href":"https:\/\/gadnatabuela.gob.ec\/gadNatabuela\/wp-json\/wp\/v2\/users\/2"}],"replies":[{"embeddable":true,"href":"https:\/\/gadnatabuela.gob.ec\/gadNatabuela\/wp-json\/wp\/v2\/comments?post=38"}],"version-history":[{"count":86,"href":"https:\/\/gadnatabuela.gob.ec\/gadNatabuela\/wp-json\/wp\/v2\/pages\/38\/revisions"}],"predecessor-version":[{"id":8221,"href":"https:\/\/gadnatabuela.gob.ec\/gadNatabuela\/wp-json\/wp\/v2\/pages\/38\/revisions\/8221"}],"wp:attachment":[{"href":"https:\/\/gadnatabuela.gob.ec\/gadNatabuela\/wp-json\/wp\/v2\/media?parent=38"}],"curies":[{"name":"wp","href":"https:\/\/api.w.org\/{rel}","templated":true}]}}