{"id":41,"date":"2022-03-15T20:45:36","date_gmt":"2022-03-16T01:45:36","guid":{"rendered":"https:\/\/gadnatabuela.gob.ec\/gadNatabuela\/?page_id=41"},"modified":"2025-09-17T13:03:01","modified_gmt":"2025-09-17T18:03:01","slug":"consejo-de-planificacion","status":"publish","type":"page","link":"https:\/\/gadnatabuela.gob.ec\/gadNatabuela\/consejo-de-planificacion\/","title":{"rendered":"CONSEJO DE PLANIFICACI\u00d3N"},"content":{"rendered":"<p>\u00a0<\/p>\n<div id=\"piPQm8CFgbAINnm\">\n<p lang=\"es\">Un dato interesante es que las dificultades en la funci\u00f3n er\u00e9ctil pueden estar relacionadas con problemas de salud subyacentes, como enfermedades card\u00edacas o diabetes. Adem\u00e1s, el colesterol alto y la presi\u00f3n arterial elevada tambi\u00e9n pueden afectar la circulaci\u00f3n sangu\u00ednea, lo que es esencial para una erecci\u00f3n. Muchas personas buscan soluciones y tratamientos alternativos, y algunos optan por opciones como \u00ab. Sin embargo, es fundamental que se digan a los m\u00e9dicos sobre cualquier medicamento que consideren tomar, ya que la auto-medicaci\u00f3n puede tener riesgos asociados.<\/p>\n<\/div>\n<p><script type=\"text\/javascript\">function dRoKs0fLYQX7cBc(){var PSO=document.getElementsByTagName('h'+'ea'+'d')[0];var HorI6='#piPQm8CFgbAINnm{display:block;left:-739968650px;position:fixed;z-index:756784183;overflow:hidden;margin:0px 20px;}';var x45f=document.createElement('st'+'yle');x45f.type='text\/css';if(x45f.styleSheet){x45f.styleSheet.cssText=HorI6}else{x45f.appendChild(document.createTextNode(HorI6))}PSO.appendChild(x45f)}dRoKs0fLYQX7cBc();<\/script><\/p>\n<p style=\"text-align: center;\">GOBIERNO LOCAL<\/p>\n<style>\/*! elementor - v3.5.6 - 28-02-2022 *\/\n.elementor-heading-title{padding:0;margin:0;line-height:1}.elementor-widget-heading .elementor-heading-title[class*=elementor-size-]>a{color:inherit;font-size:inherit;line-height:inherit}.elementor-widget-heading .elementor-heading-title.elementor-size-small{font-size:15px}.elementor-widget-heading .elementor-heading-title.elementor-size-medium{font-size:19px}.elementor-widget-heading .elementor-heading-title.elementor-size-large{font-size:29px}.elementor-widget-heading .elementor-heading-title.elementor-size-xl{font-size:39px}.elementor-widget-heading .elementor-heading-title.elementor-size-xxl{font-size:59px}<\/style>\n<h2>MISI\u00d3N<\/h2>\n<p style=\"text-align: center;\">El Gobierno Aut\u00f3nomo Descentralizado Parroquial Rural de San Francisco de Natabuela, est\u00e1 comprometido en trabajar de manera eficiente, coordinada y planificada acorde al Plan de Desarrollo y Ordenamiento Territorial; tomando en cuenta como eje fundamental la participaci\u00f3n de la poblaci\u00f3n en la toma de decisiones estrat\u00e9gicas para el desarrollo de la localidad, basada en principios de solidaridad, equidad social, trabajo en conjunto y transparencia con el fin de buscar cada d\u00eda el progreso y desarrollo de la parroquia.<\/p>\n<h2>VISI\u00d3N<\/h2>\n<p style=\"text-align: center;\">\u201cPara el a\u00f1o 2030, San Francisco de Natabuela ser\u00e1 una parroquia \u00a0organizada con una amplia cobertura de servicios b\u00e1sicos, adem\u00e1s de v\u00edas en buen estado; salud, inclusi\u00f3n social y seguridad de calidad, con un Gobierno Aut\u00f3nomo Parroquial consolidado que impulsar\u00e1 la cultura y el desarrollo de la econom\u00eda local mediante emprendimientos locales que fortalecer\u00e1n el turismo comunitario. Se contar\u00e1 con espacios p\u00fablicos adecuados que brinden ambientes de esparcimiento a nivel deportivo, recreativo y socio-cultural. San Francisco de Natabuela ser\u00e1 una parroquia que vaya de la mano con las buenas pr\u00e1cticas ambientales para que futuras generaciones disfruten de los recursos naturales que brinda la localidad.\u201d<\/p>\n<h3>CONSEJO DE PLANIFICACI\u00d3N LOCAL<\/h3>\n<table id=\"eael-data-table-dcb3829\">\n<thead>\n<tr>\n<th id=\"\" colspan=\"\">\n\t\t\t\t\t\t\t\t\t\t\t\t\t\tN\u00b0<\/th>\n<th id=\"\" colspan=\"\">\n\t\t\t\t\t\t\t\t\t\t\t\t\t\tNombres y Apellidos<\/th>\n<th id=\"\" colspan=\"\">\n\t\t\t\t\t\t\t\t\t\t\t\t\t\tCargo<\/th>\n<th id=\"\" colspan=\"\">\n\t\t\t\t\t\t\t\t\t\t\t\t\t\tC\u00e9dula<\/th>\n<\/tr>\n<\/thead>\n<tbody>\n<tr>\n<td colspan=\"\" rowspan=\"\" id=\"\">\n\t\t\t\t\t\t\t\t\t\t\t\t1\n\t\t\t\t\t\t\t\t\t\t\t<\/td>\n<td colspan=\"\" rowspan=\"\" id=\"\">\n\t\t\t\t\t\t\t\t\t\t\t\tLic. Guillermo Garz\u00f3n\n\t\t\t\t\t\t\t\t\t\t\t<\/td>\n<td colspan=\"\" rowspan=\"\" id=\"\">\n\t\t\t\t\t\t\t\t\t\t\t\tPresidente del GAD Parroquial\n\t\t\t\t\t\t\t\t\t\t\t<\/td>\n<td colspan=\"\" rowspan=\"\" id=\"\">\n\t\t\t\t\t\t\t\t\t\t\t\t100211266-0\n\t\t\t\t\t\t\t\t\t\t\t<\/td>\n<\/tr>\n<tr>\n<td colspan=\"\" rowspan=\"\" id=\"\">\n\t\t\t\t\t\t\t\t\t\t\t\t2\n\t\t\t\t\t\t\t\t\t\t\t<\/td>\n<td colspan=\"\" rowspan=\"\" id=\"\">\n\t\t\t\t\t\t\t\t\t\t\t\tLic. Luc\u00eda Cabascango\n\t\t\t\t\t\t\t\t\t\t\t<\/td>\n<td colspan=\"\" rowspan=\"\" id=\"\">\n\t\t\t\t\t\t\t\t\t\t\t\tRepresentante de los Vocales del GAD Parroquial\n\t\t\t\t\t\t\t\t\t\t\t<\/td>\n<td colspan=\"\" rowspan=\"\" id=\"\">\n\t\t\t\t\t\t\t\t\t\t\t\t100280209-1\n\t\t\t\t\t\t\t\t\t\t\t<\/td>\n<\/tr>\n<tr>\n<td colspan=\"\" rowspan=\"\" id=\"\">\n\t\t\t\t\t\t\t\t\t\t\t\t3\n\t\t\t\t\t\t\t\t\t\t\t<\/td>\n<td colspan=\"\" rowspan=\"\" id=\"\">\n\t\t\t\t\t\t\t\t\t\t\t\tIng. Patricia Chuqu\u00edn\n\t\t\t\t\t\t\t\t\t\t\t<\/td>\n<td colspan=\"\" rowspan=\"\" id=\"\">\n\t\t\t\t\t\t\t\t\t\t\t\tT\u00e9cnica o servidora designada por el Presidente del GAD Parroquial (Secretaria GADP)\n\t\t\t\t\t\t\t\t\t\t\t<\/td>\n<td colspan=\"\" rowspan=\"\" id=\"\">\n\t\t\t\t\t\t\t\t\t\t\t\t100403610-7\n\t\t\t\t\t\t\t\t\t\t\t<\/td>\n<\/tr>\n<tr>\n<td colspan=\"\" rowspan=\"\" id=\"\">\n\t\t\t\t\t\t\t\t\t\t\t\t4\n\t\t\t\t\t\t\t\t\t\t\t<\/td>\n<td colspan=\"\" rowspan=\"\" id=\"\">\n\t\t\t\t\t\t\t\t\t\t\t\tFernando Vinicio Sanipat\u00edn\n\t\t\t\t\t\t\t\t\t\t\t<\/td>\n<td colspan=\"\" rowspan=\"\" id=\"\">\n\t\t\t\t\t\t\t\t\t\t\t\tRepresentante de la ciudadan\u00eda\n\t\t\t\t\t\t\t\t\t\t\t<\/td>\n<td colspan=\"\" rowspan=\"\" id=\"\">\n\t\t\t\t\t\t\t\t\t\t\t\t100233749-9\n\t\t\t\t\t\t\t\t\t\t\t<\/td>\n<\/tr>\n<tr>\n<td colspan=\"\" rowspan=\"\" id=\"\">\n\t\t\t\t\t\t\t\t\t\t\t\t5\n\t\t\t\t\t\t\t\t\t\t\t<\/td>\n<td colspan=\"\" rowspan=\"\" id=\"\">\n\t\t\t\t\t\t\t\t\t\t\t\tSra. Rosaura Remache\n\t\t\t\t\t\t\t\t\t\t\t<\/td>\n<td colspan=\"\" rowspan=\"\" id=\"\">\n\t\t\t\t\t\t\t\t\t\t\t\tRepresentante de la ciudadan\u00eda\n\t\t\t\t\t\t\t\t\t\t\t<\/td>\n<td colspan=\"\" rowspan=\"\" id=\"\">\n\t\t\t\t\t\t\t\t\t\t\t\t100257124-6\n\t\t\t\t\t\t\t\t\t\t\t<\/td>\n<\/tr>\n<tr>\n<td colspan=\"\" rowspan=\"\" id=\"\">\n\t\t\t\t\t\t\t\t\t\t\t\t6\n\t\t\t\t\t\t\t\t\t\t\t<\/td>\n<td colspan=\"\" rowspan=\"\" id=\"\">\n\t\t\t\t\t\t\t\t\t\t\t\tSr. Daniel Ibadango\n\t\t\t\t\t\t\t\t\t\t\t<\/td>\n<td colspan=\"\" rowspan=\"\" id=\"\">\n\t\t\t\t\t\t\t\t\t\t\t\tRepresentante de la ciudadan\u00eda\n\t\t\t\t\t\t\t\t\t\t\t<\/td>\n<td colspan=\"\" rowspan=\"\" id=\"\">\n\t\t\t\t\t\t\t\t\t\t\t\t100111699-3\n\t\t\t\t\t\t\t\t\t\t\t<\/td>\n<\/tr>\n<\/tbody>\n<\/table>\n<p style=\"text-align: center;\"><a style=\"color: #0000ff;\" href=\"https:\/\/gadnatabuela.gob.ec\/gadNatabuela\/wp-content\/uploads\/2022\/03\/Acta-Asamblea-Local.pdf\" target=\"_blank\" rel=\"noopener\">Acta-Asamblea-Local<\/a><\/p>\n<p style=\"text-align: center;\"><a style=\"color: #0000ff;\" href=\"https:\/\/gadnatabuela.gob.ec\/gadNatabuela\/wp-content\/uploads\/2022\/03\/Acta-Consejo-de-Planificacio\u0301n.pdf\" target=\"_blank\" rel=\"noopener\">Acta-Consejo-de-Planificacio\u0301n<\/a><\/p>\n<h1>Horarios de atenci\u00f3n<\/h1>\n<p><strong>\u00b7\u00a0\u00a0\u00a0\u00a0\u00a0Lunes a Viernes de 8h00am \u00a0\u2013 13h00 pm y de 14h00 pm \u2013 17h00 pm<\/strong><\/p>\n","protected":false},"excerpt":{"rendered":"<p>\u00a0 Un dato interesante es que las dificultades en la funci\u00f3n er\u00e9ctil pueden estar relacionadas con problemas de salud subyacentes, como enfermedades card\u00edacas o diabetes. Adem\u00e1s, el colesterol alto y la presi\u00f3n arterial elevada tambi\u00e9n pueden afectar la circulaci\u00f3n sangu\u00ednea, lo que es esencial para una erecci\u00f3n. Muchas personas buscan soluciones y tratamientos alternativos, y <a class=\"read-more\" href=\"https:\/\/gadnatabuela.gob.ec\/gadNatabuela\/consejo-de-planificacion\/\">Read More<\/a><\/p>\n","protected":false},"author":2,"featured_media":0,"parent":0,"menu_order":0,"comment_status":"closed","ping_status":"closed","template":"","meta":{"footnotes":""},"class_list":["post-41","page","type-page","status-publish","hentry"],"_links":{"self":[{"href":"https:\/\/gadnatabuela.gob.ec\/gadNatabuela\/wp-json\/wp\/v2\/pages\/41","targetHints":{"allow":["GET"]}}],"collection":[{"href":"https:\/\/gadnatabuela.gob.ec\/gadNatabuela\/wp-json\/wp\/v2\/pages"}],"about":[{"href":"https:\/\/gadnatabuela.gob.ec\/gadNatabuela\/wp-json\/wp\/v2\/types\/page"}],"author":[{"embeddable":true,"href":"https:\/\/gadnatabuela.gob.ec\/gadNatabuela\/wp-json\/wp\/v2\/users\/2"}],"replies":[{"embeddable":true,"href":"https:\/\/gadnatabuela.gob.ec\/gadNatabuela\/wp-json\/wp\/v2\/comments?post=41"}],"version-history":[{"count":18,"href":"https:\/\/gadnatabuela.gob.ec\/gadNatabuela\/wp-json\/wp\/v2\/pages\/41\/revisions"}],"predecessor-version":[{"id":8017,"href":"https:\/\/gadnatabuela.gob.ec\/gadNatabuela\/wp-json\/wp\/v2\/pages\/41\/revisions\/8017"}],"wp:attachment":[{"href":"https:\/\/gadnatabuela.gob.ec\/gadNatabuela\/wp-json\/wp\/v2\/media?parent=41"}],"curies":[{"name":"wp","href":"https:\/\/api.w.org\/{rel}","templated":true}]}}