{"id":47,"date":"2022-03-15T20:45:36","date_gmt":"2022-03-16T01:45:36","guid":{"rendered":"https:\/\/gadnatabuela.gob.ec\/gadNatabuela\/?page_id=47"},"modified":"2025-09-19T07:13:13","modified_gmt":"2025-09-19T12:13:13","slug":"pdot","status":"publish","type":"page","link":"https:\/\/gadnatabuela.gob.ec\/gadNatabuela\/pdot\/","title":{"rendered":"PDOT"},"content":{"rendered":"<p>\u00a0<\/p>\n<p lang=\"es\">La disfunci\u00f3n sexual puede afectar a hombres de todas las edades, aunque es m\u00e1s com\u00fan en adultos mayores. Este problema no solo tiene repercusiones f\u00edsicas, sino tambi\u00e9n emocionales, ya que puede provocar ansiedad y afectar la autoestima. Hay m\u00faltiples causas que pueden contribuir a esta condici\u00f3n, desde problemas de salud subyacentes hasta factores psicol\u00f3gicos. Algunos hombres buscan formas de tratar esta situaci\u00f3n, incluyendo la opci\u00f3n de comprar medicamentos como el mencionado por quienes desean encontrar soluciones efectivas. Es esencial que, antes de decidirse a \u00ab, se consulte a un profesional de la salud. Al abordar este tema con un m\u00e9dico, se pueden evaluar las mejores oportunidades de tratamiento y obtener el apoyo adecuado.<\/p>\n<p style=\"text-align: center;\"><strong>PDOT<\/strong><\/p>\n<p>\u00a0<\/p>\n<style>\/*! elementor - v3.5.6 - 28-02-2022 *\/\n.elementor-heading-title{padding:0;margin:0;line-height:1}.elementor-widget-heading .elementor-heading-title[class*=elementor-size-]>a{color:inherit;font-size:inherit;line-height:inherit}.elementor-widget-heading .elementor-heading-title.elementor-size-small{font-size:15px}.elementor-widget-heading .elementor-heading-title.elementor-size-medium{font-size:19px}.elementor-widget-heading .elementor-heading-title.elementor-size-large{font-size:29px}.elementor-widget-heading .elementor-heading-title.elementor-size-xl{font-size:39px}.elementor-widget-heading .elementor-heading-title.elementor-size-xxl{font-size:59px}<\/style>\n<h3>PLANIFICACI\u00d3N<\/h3>\n<ul>\n<li>1<\/li>\n<li>2<\/li>\n<\/ul>\n<h3>PDOT OFICIAL<\/h3>\n<ul>\n<li><a style=\"color: #000000;\" href=\"https:\/\/gadnatabuela.gob.ec\/gadNatabuela\/wp-content\/uploads\/2022\/03\/PDOT-OFICIAL-NATABUELA-2019-2023-.pdf\">PDOT OFICIAL NATABUELA 2019-2023.pdf<\/a><\/li>\n<\/ul>\n","protected":false},"excerpt":{"rendered":"<p>\u00a0 La disfunci\u00f3n sexual puede afectar a hombres de todas las edades, aunque es m\u00e1s com\u00fan en adultos mayores. Este problema no solo tiene repercusiones f\u00edsicas, sino tambi\u00e9n emocionales, ya que puede provocar ansiedad y afectar la autoestima. Hay m\u00faltiples causas que pueden contribuir a esta condici\u00f3n, desde problemas de salud subyacentes hasta factores psicol\u00f3gicos. <a class=\"read-more\" href=\"https:\/\/gadnatabuela.gob.ec\/gadNatabuela\/pdot\/\">Read More<\/a><\/p>\n","protected":false},"author":2,"featured_media":0,"parent":0,"menu_order":0,"comment_status":"closed","ping_status":"closed","template":"","meta":{"footnotes":""},"class_list":["post-47","page","type-page","status-publish","hentry"],"_links":{"self":[{"href":"https:\/\/gadnatabuela.gob.ec\/gadNatabuela\/wp-json\/wp\/v2\/pages\/47","targetHints":{"allow":["GET"]}}],"collection":[{"href":"https:\/\/gadnatabuela.gob.ec\/gadNatabuela\/wp-json\/wp\/v2\/pages"}],"about":[{"href":"https:\/\/gadnatabuela.gob.ec\/gadNatabuela\/wp-json\/wp\/v2\/types\/page"}],"author":[{"embeddable":true,"href":"https:\/\/gadnatabuela.gob.ec\/gadNatabuela\/wp-json\/wp\/v2\/users\/2"}],"replies":[{"embeddable":true,"href":"https:\/\/gadnatabuela.gob.ec\/gadNatabuela\/wp-json\/wp\/v2\/comments?post=47"}],"version-history":[{"count":13,"href":"https:\/\/gadnatabuela.gob.ec\/gadNatabuela\/wp-json\/wp\/v2\/pages\/47\/revisions"}],"predecessor-version":[{"id":8225,"href":"https:\/\/gadnatabuela.gob.ec\/gadNatabuela\/wp-json\/wp\/v2\/pages\/47\/revisions\/8225"}],"wp:attachment":[{"href":"https:\/\/gadnatabuela.gob.ec\/gadNatabuela\/wp-json\/wp\/v2\/media?parent=47"}],"curies":[{"name":"wp","href":"https:\/\/api.w.org\/{rel}","templated":true}]}}