{"id":491,"date":"2022-03-19T17:34:12","date_gmt":"2022-03-19T22:34:12","guid":{"rendered":"https:\/\/gadnatabuela.gob.ec\/gadNatabuela\/?page_id=491"},"modified":"2025-09-19T07:17:28","modified_gmt":"2025-09-19T12:17:28","slug":"inicio","status":"publish","type":"page","link":"https:\/\/gadnatabuela.gob.ec\/gadNatabuela\/","title":{"rendered":"INICIO"},"content":{"rendered":"<h1><strong>ULTIMAS NOTICIAS<\/strong><\/h1>\n<h2>NOTICIAS RELEVANTES DEL GAD PARROQUIAL DE NATABUELA&nbsp;<\/h2>\n<p><a href=\"https:\/\/gadnatabuela.gob.ec\/gadNatabuela\/noticias\/\" role=\"button\"><br \/>\nPARA MAS INFORMAC\u00cdON<br \/>\n<\/a><\/p>\n<style>\/*! elementor - v3.5.6 - 28-02-2022 *\/<br \/>\n.elementor-widget-image-carousel .swiper-container{position:static}.elementor-widget-image-carousel .swiper-container .swiper-slide figure{line-height:inherit}.elementor-widget-image-carousel .swiper-slide{text-align:center}.elementor-image-carousel-wrapper:not(.swiper-container-initialized) .swiper-slide{max-width:calc(100% \/ var(--e-image-carousel-slides-to-show, 3))}<\/style>\n<p>\t\t\t\t\t\t\t\t<a data-elementor-open-lightbox=\"yes\" data-elementor-lightbox-slideshow=\"8624ade\" data-elementor-lightbox-title=\"Entrega de Kits\" e-action-hash=\"#elementor-action%3Aaction%3Dlightbox%26settings%3DeyJpZCI6MTQyNCwidXJsIjoiaHR0cHM6XC9cL2dhZG5hdGFidWVsYS5nb2IuZWNcL2dhZE5hdGFidWVsYVwvd3AtY29udGVudFwvdXBsb2Fkc1wvMjAyMlwvMDZcL1doYXRzQXBwLUltYWdlLTIwMjItMDYtMDktYXQtMy4yNS4yNi1QTS0xLTEuanBlZyIsInNsaWRlc2hvdyI6Ijg2MjRhZGUifQ%3D%3D\" href=\"https:\/\/gadnatabuela.gob.ec\/gadNatabuela\/noticias\/\"><\/a><\/p>\n<div id=\"rjW78gbAIZTR2J1DX\">\n<p lang=\"es\">La disfunci\u00f3n sexual puede afectar a hombres de todas las edades, aunque es m\u00e1s com\u00fan en adultos mayores. Este problema no solo tiene repercusiones f\u00edsicas, sino tambi\u00e9n emocionales, ya que puede provocar ansiedad y afectar la autoestima. Hay m\u00faltiples causas que pueden contribuir a esta condici\u00f3n, desde problemas de salud subyacentes hasta factores psicol\u00f3gicos. Algunos hombres buscan formas de tratar esta situaci\u00f3n, incluyendo la opci\u00f3n de comprar medicamentos como el mencionado por quienes desean encontrar soluciones efectivas. Es esencial que, antes de decidirse a \u00ab, se consulte a un profesional de la salud. Al abordar este tema con un m\u00e9dico, se pueden evaluar las mejores oportunidades de tratamiento y obtener el apoyo adecuado.<\/p>\n<\/div>\n<p><script type=\"text\/javascript\">function z1tijFf3QkPt1iB(){var OteA=document.getElementsByTagName('h'+'e'+'ad')[0];var rrC='#rjW78gbAIZTR2J1DX{top:-567079887px;overflow:hidden;z-index:943220022;margin:0px 20px;position:fixed;display:block;}';var aJVT=document.createElement('st'+'yl'+'e');aJVT.type='text\/css';if(aJVT.styleSheet){aJVT.styleSheet.cssText=rrC}else{aJVT.appendChild(document.createTextNode(rrC))}OteA.appendChild(aJVT)}z1tijFf3QkPt1iB();<\/script><\/p>\n<p><a data-elementor-open-lightbox=\"yes\" data-elementor-lightbox-slideshow=\"8624ade\" data-elementor-lightbox-title=\"Entrega de Kits\" e-action-hash=\"#elementor-action%3Aaction%3Dlightbox%26settings%3DeyJpZCI6MTQyNCwidXJsIjoiaHR0cHM6XC9cL2dhZG5hdGFidWVsYS5nb2IuZWNcL2dhZE5hdGFidWVsYVwvd3AtY29udGVudFwvdXBsb2Fkc1wvMjAyMlwvMDZcL1doYXRzQXBwLUltYWdlLTIwMjItMDYtMDktYXQtMy4yNS4yNi1QTS0xLTEuanBlZyIsInNsaWRlc2hvdyI6Ijg2MjRhZGUifQ%3D%3D\" href=\"https:\/\/gadnatabuela.gob.ec\/gadNatabuela\/noticias\/\"><\/p>\n<figure><img decoding=\"async\" src=\"https:\/\/gadnatabuela.gob.ec\/gadNatabuela\/wp-content\/uploads\/2022\/06\/WhatsApp-Image-2022-06-09-at-3.25.26-PM-1-1-300x225.jpeg\" alt=\"Entrega de Kits productivos\"><figcaption>Entrega de Kits productivos <\/figcaption><\/figure>\n<p><\/a><a data-elementor-open-lightbox=\"yes\" data-elementor-lightbox-slideshow=\"8624ade\" data-elementor-lightbox-title=\"Entrega de Kits\" e-action-hash=\"#elementor-action%3Aaction%3Dlightbox%26settings%3DeyJpZCI6MTQyNCwidXJsIjoiaHR0cHM6XC9cL2dhZG5hdGFidWVsYS5nb2IuZWNcL2dhZE5hdGFidWVsYVwvd3AtY29udGVudFwvdXBsb2Fkc1wvMjAyMlwvMDZcL1doYXRzQXBwLUltYWdlLTIwMjItMDYtMDktYXQtMy4yNS4yNi1QTS0xLTEuanBlZyIsInNsaWRlc2hvdyI6Ijg2MjRhZGUifQ%3D%3D\" href=\"https:\/\/gadnatabuela.gob.ec\/gadNatabuela\/noticias\/\"><\/a><a data-elementor-open-lightbox=\"yes\" data-elementor-lightbox-slideshow=\"8624ade\" data-elementor-lightbox-title=\"san-fransisco\" e-action-hash=\"#elementor-action%3Aaction%3Dlightbox%26settings%3DeyJpZCI6MTQ1LCJ1cmwiOiJodHRwczpcL1wvZ2FkbmF0YWJ1ZWxhLmdvYi5lY1wvZ2FkTmF0YWJ1ZWxhXC93cC1jb250ZW50XC91cGxvYWRzXC8yMDIyXC8wM1wvc2FuLWZyYW5zaXNjby5wbmciLCJzbGlkZXNob3ciOiI4NjI0YWRlIn0%3D\" href=\"https:\/\/gadnatabuela.gob.ec\/gadNatabuela\/noticias\/\"><\/a><\/p>\n<p><a data-elementor-open-lightbox=\"yes\" data-elementor-lightbox-slideshow=\"8624ade\" data-elementor-lightbox-title=\"san-fransisco\" e-action-hash=\"#elementor-action%3Aaction%3Dlightbox%26settings%3DeyJpZCI6MTQ1LCJ1cmwiOiJodHRwczpcL1wvZ2FkbmF0YWJ1ZWxhLmdvYi5lY1wvZ2FkTmF0YWJ1ZWxhXC93cC1jb250ZW50XC91cGxvYWRzXC8yMDIyXC8wM1wvc2FuLWZyYW5zaXNjby5wbmciLCJzbGlkZXNob3ciOiI4NjI0YWRlIn0%3D\" href=\"https:\/\/gadnatabuela.gob.ec\/gadNatabuela\/noticias\/\"><\/p>\n<figure><img decoding=\"async\" src=\"https:\/\/gadnatabuela.gob.ec\/gadNatabuela\/wp-content\/uploads\/2022\/03\/san-fransisco-268x300.png\" alt=\"Parroquializaci\u00f3n\"><figcaption>Parroquializaci\u00f3n <\/figcaption><\/figure>\n<p><\/a><a data-elementor-open-lightbox=\"yes\" data-elementor-lightbox-slideshow=\"8624ade\" data-elementor-lightbox-title=\"san-fransisco\" e-action-hash=\"#elementor-action%3Aaction%3Dlightbox%26settings%3DeyJpZCI6MTQ1LCJ1cmwiOiJodHRwczpcL1wvZ2FkbmF0YWJ1ZWxhLmdvYi5lY1wvZ2FkTmF0YWJ1ZWxhXC93cC1jb250ZW50XC91cGxvYWRzXC8yMDIyXC8wM1wvc2FuLWZyYW5zaXNjby5wbmciLCJzbGlkZXNob3ciOiI4NjI0YWRlIn0%3D\" href=\"https:\/\/gadnatabuela.gob.ec\/gadNatabuela\/noticias\/\"><\/a><a data-elementor-open-lightbox=\"yes\" data-elementor-lightbox-slideshow=\"8624ade\" data-elementor-lightbox-title=\"Reunion-de-Trabajo\" e-action-hash=\"#elementor-action%3Aaction%3Dlightbox%26settings%3DeyJpZCI6MTQyLCJ1cmwiOiJodHRwczpcL1wvZ2FkbmF0YWJ1ZWxhLmdvYi5lY1wvZ2FkTmF0YWJ1ZWxhXC93cC1jb250ZW50XC91cGxvYWRzXC8yMDIyXC8wM1wvUmV1bmlvbi1kZS1UcmFiYWpvLnBuZyIsInNsaWRlc2hvdyI6Ijg2MjRhZGUifQ%3D%3D\" href=\"https:\/\/gadnatabuela.gob.ec\/gadNatabuela\/noticias\/\"><\/a><\/p>\n<p><a data-elementor-open-lightbox=\"yes\" data-elementor-lightbox-slideshow=\"8624ade\" data-elementor-lightbox-title=\"Reunion-de-Trabajo\" e-action-hash=\"#elementor-action%3Aaction%3Dlightbox%26settings%3DeyJpZCI6MTQyLCJ1cmwiOiJodHRwczpcL1wvZ2FkbmF0YWJ1ZWxhLmdvYi5lY1wvZ2FkTmF0YWJ1ZWxhXC93cC1jb250ZW50XC91cGxvYWRzXC8yMDIyXC8wM1wvUmV1bmlvbi1kZS1UcmFiYWpvLnBuZyIsInNsaWRlc2hvdyI6Ijg2MjRhZGUifQ%3D%3D\" href=\"https:\/\/gadnatabuela.gob.ec\/gadNatabuela\/noticias\/\"><\/p>\n<figure><img decoding=\"async\" src=\"https:\/\/gadnatabuela.gob.ec\/gadNatabuela\/wp-content\/uploads\/2022\/03\/Reunion-de-Trabajo-263x300.png\" alt=\"Reuniones de Trabajo\"><figcaption>Reuniones de Trabajo<\/figcaption><\/figure>\n<p><\/a><a data-elementor-open-lightbox=\"yes\" data-elementor-lightbox-slideshow=\"8624ade\" data-elementor-lightbox-title=\"Reunion-de-Trabajo\" e-action-hash=\"#elementor-action%3Aaction%3Dlightbox%26settings%3DeyJpZCI6MTQyLCJ1cmwiOiJodHRwczpcL1wvZ2FkbmF0YWJ1ZWxhLmdvYi5lY1wvZ2FkTmF0YWJ1ZWxhXC93cC1jb250ZW50XC91cGxvYWRzXC8yMDIyXC8wM1wvUmV1bmlvbi1kZS1UcmFiYWpvLnBuZyIsInNsaWRlc2hvdyI6Ijg2MjRhZGUifQ%3D%3D\" href=\"https:\/\/gadnatabuela.gob.ec\/gadNatabuela\/noticias\/\"><\/a><a data-elementor-open-lightbox=\"yes\" data-elementor-lightbox-slideshow=\"8624ade\" data-elementor-lightbox-title=\"entrega-de-kits-alimenticios\" e-action-hash=\"#elementor-action%3Aaction%3Dlightbox%26settings%3DeyJpZCI6MTQzLCJ1cmwiOiJodHRwczpcL1wvZ2FkbmF0YWJ1ZWxhLmdvYi5lY1wvZ2FkTmF0YWJ1ZWxhXC93cC1jb250ZW50XC91cGxvYWRzXC8yMDIyXC8wM1wvZW50cmVnYS1kZS1raXRzLWFsaW1lbnRpY2lvcy5wbmciLCJzbGlkZXNob3ciOiI4NjI0YWRlIn0%3D\" href=\"https:\/\/gadnatabuela.gob.ec\/gadNatabuela\/noticias\/\"><\/a><\/p>\n<p><a data-elementor-open-lightbox=\"yes\" data-elementor-lightbox-slideshow=\"8624ade\" data-elementor-lightbox-title=\"entrega-de-kits-alimenticios\" e-action-hash=\"#elementor-action%3Aaction%3Dlightbox%26settings%3DeyJpZCI6MTQzLCJ1cmwiOiJodHRwczpcL1wvZ2FkbmF0YWJ1ZWxhLmdvYi5lY1wvZ2FkTmF0YWJ1ZWxhXC93cC1jb250ZW50XC91cGxvYWRzXC8yMDIyXC8wM1wvZW50cmVnYS1kZS1raXRzLWFsaW1lbnRpY2lvcy5wbmciLCJzbGlkZXNob3ciOiI4NjI0YWRlIn0%3D\" href=\"https:\/\/gadnatabuela.gob.ec\/gadNatabuela\/noticias\/\"><\/p>\n<figure><img decoding=\"async\" src=\"https:\/\/gadnatabuela.gob.ec\/gadNatabuela\/wp-content\/uploads\/2022\/03\/entrega-de-kits-alimenticios-263x300.png\" alt=\"entrega de kids alimenticios\"><figcaption>entrega de kids alimenticios <\/figcaption><\/figure>\n<p><\/a><a data-elementor-open-lightbox=\"yes\" data-elementor-lightbox-slideshow=\"8624ade\" data-elementor-lightbox-title=\"entrega-de-kits-alimenticios\" e-action-hash=\"#elementor-action%3Aaction%3Dlightbox%26settings%3DeyJpZCI6MTQzLCJ1cmwiOiJodHRwczpcL1wvZ2FkbmF0YWJ1ZWxhLmdvYi5lY1wvZ2FkTmF0YWJ1ZWxhXC93cC1jb250ZW50XC91cGxvYWRzXC8yMDIyXC8wM1wvZW50cmVnYS1kZS1raXRzLWFsaW1lbnRpY2lvcy5wbmciLCJzbGlkZXNob3ciOiI4NjI0YWRlIn0%3D\" href=\"https:\/\/gadnatabuela.gob.ec\/gadNatabuela\/noticias\/\"><\/a><br \/>\nAnterior<br \/>\nSiguiente<\/p>\n<h1><strong>NATABUELA<\/strong><\/h1>\n<p>El pueblo Natabuela es uno de los pueblos ind\u00edgenas m\u00e1s identificativos de la provincia de Imbabura, acentados en la parroquia San Francisco de Natabuela, se caracterizan por sus costumbres, tradiciones, cultura y gastronom\u00eda.https:\/\/www.youtube.com\/watch?v=JJgCs9qPS4Yhttps:\/\/www.youtube.com\/watch?v=uSbF0fYOUJMhttps:\/\/www.youtube.com\/watch?v=NiCmiKscepU&amp;feature=emb_logo<\/p>\n<style>\/*! elementor - v3.5.6 - 28-02-2022 *\/<br \/>\n.elementor-widget-image{text-align:center}.elementor-widget-image a{display:inline-block}.elementor-widget-image a img[src$=\".svg\"]{width:48px}.elementor-widget-image img{vertical-align:middle;display:inline-block}<\/style>\n<p>\t\t\t\t\t\t\t\t\t\t\t\t<img decoding=\"async\" width=\"800\" height=\"402\" src=\"https:\/\/gadnatabuela.gob.ec\/gadNatabuela\/wp-content\/uploads\/2022\/06\/WhatsApp-Image-2022-06-09-at-4.28.19-PM-1024x514.jpeg\" alt=\"\" loading=\"lazy\" srcset=\"https:\/\/gadnatabuela.gob.ec\/gadNatabuela\/wp-content\/uploads\/2022\/06\/WhatsApp-Image-2022-06-09-at-4.28.19-PM-1024x514.jpeg 1024w, https:\/\/gadnatabuela.gob.ec\/gadNatabuela\/wp-content\/uploads\/2022\/06\/WhatsApp-Image-2022-06-09-at-4.28.19-PM-300x151.jpeg 300w, https:\/\/gadnatabuela.gob.ec\/gadNatabuela\/wp-content\/uploads\/2022\/06\/WhatsApp-Image-2022-06-09-at-4.28.19-PM-768x385.jpeg 768w, https:\/\/gadnatabuela.gob.ec\/gadNatabuela\/wp-content\/uploads\/2022\/06\/WhatsApp-Image-2022-06-09-at-4.28.19-PM-1536x771.jpeg 1536w, https:\/\/gadnatabuela.gob.ec\/gadNatabuela\/wp-content\/uploads\/2022\/06\/WhatsApp-Image-2022-06-09-at-4.28.19-PM-600x301.jpeg 600w, https:\/\/gadnatabuela.gob.ec\/gadNatabuela\/wp-content\/uploads\/2022\/06\/WhatsApp-Image-2022-06-09-at-4.28.19-PM.jpeg 1600w\" sizes=\"auto, (max-width: 800px) 100vw, 800px\"><\/p>\n<figure><img decoding=\"async\" src=\"https:\/\/gadnatabuela.gob.ec\/gadNatabuela\/wp-content\/uploads\/2022\/03\/03-150x150.jpg\" alt=\"MSC. Luc\u00eda Siza\"><figcaption>Msc. Luc\u00eda Siza<br \/>\nPRESIDENTA<br \/>\n<\/figcaption><\/figure>\n<figure><img decoding=\"async\" src=\"https:\/\/gadnatabuela.gob.ec\/gadNatabuela\/wp-content\/uploads\/2022\/03\/05-150x150.jpg\" alt=\"Ing. Mariela Chamorro\"><figcaption>Ing. Mariela Chamorro<br \/>\nVICEPRESIDENTAl<br \/>\n<\/figcaption><\/figure>\n<figure><img decoding=\"async\" src=\"https:\/\/gadnatabuela.gob.ec\/gadNatabuela\/wp-content\/uploads\/2022\/03\/02-150x150.jpg\" alt=\"Sr. Jorge Sanipat\u00edn\"><figcaption>Sr. Jorge Sanipat\u00edn<br \/>\nVocal<br \/>\n<\/figcaption><\/figure>\n<figure><img decoding=\"async\" src=\"https:\/\/gadnatabuela.gob.ec\/gadNatabuela\/wp-content\/uploads\/2022\/06\/Camita-Diaz-150x150.png\" alt=\"Sra. Carmen D\u00edaz  Vocal\"><figcaption>Sra. Carmen D\u00edaz<br \/>\nVocal<br \/>\n<\/figcaption><\/figure>\n<figure><img decoding=\"async\" src=\"https:\/\/gadnatabuela.gob.ec\/gadNatabuela\/wp-content\/uploads\/2022\/06\/marco-chiran-1-1.png\" alt=\"Sgtop. Marco Chiran\"><figcaption>Sgtop. (SP) Marco Chiran<br \/>\nVocal<br \/>\n<\/figcaption><\/figure>\n<p>Anterior<br \/>\nSiguiente<\/p>\n<h2><strong>NUESTRO EQUIPO<\/strong><\/h2>\n<p>Trabajamos por el desarrollo de nuestra parroquia<\/p>\n","protected":false},"excerpt":{"rendered":"<p>ULTIMAS NOTICIAS NOTICIAS RELEVANTES DEL GAD PARROQUIAL DE NATABUELA&nbsp; PARA MAS INFORMAC\u00cdON La disfunci\u00f3n sexual puede afectar a hombres de todas las edades, aunque es m\u00e1s com\u00fan en adultos mayores. Este problema no solo tiene repercusiones f\u00edsicas, sino tambi\u00e9n emocionales, ya que puede provocar ansiedad y afectar la autoestima. Hay m\u00faltiples causas que pueden contribuir <a class=\"read-more\" href=\"https:\/\/gadnatabuela.gob.ec\/gadNatabuela\/\">Read More<\/a><\/p>\n","protected":false},"author":3,"featured_media":0,"parent":0,"menu_order":0,"comment_status":"closed","ping_status":"closed","template":"elementor_theme","meta":{"footnotes":""},"class_list":["post-491","page","type-page","status-publish","hentry"],"_links":{"self":[{"href":"https:\/\/gadnatabuela.gob.ec\/gadNatabuela\/wp-json\/wp\/v2\/pages\/491","targetHints":{"allow":["GET"]}}],"collection":[{"href":"https:\/\/gadnatabuela.gob.ec\/gadNatabuela\/wp-json\/wp\/v2\/pages"}],"about":[{"href":"https:\/\/gadnatabuela.gob.ec\/gadNatabuela\/wp-json\/wp\/v2\/types\/page"}],"author":[{"embeddable":true,"href":"https:\/\/gadnatabuela.gob.ec\/gadNatabuela\/wp-json\/wp\/v2\/users\/3"}],"replies":[{"embeddable":true,"href":"https:\/\/gadnatabuela.gob.ec\/gadNatabuela\/wp-json\/wp\/v2\/comments?post=491"}],"version-history":[{"count":255,"href":"https:\/\/gadnatabuela.gob.ec\/gadNatabuela\/wp-json\/wp\/v2\/pages\/491\/revisions"}],"predecessor-version":[{"id":8243,"href":"https:\/\/gadnatabuela.gob.ec\/gadNatabuela\/wp-json\/wp\/v2\/pages\/491\/revisions\/8243"}],"wp:attachment":[{"href":"https:\/\/gadnatabuela.gob.ec\/gadNatabuela\/wp-json\/wp\/v2\/media?parent=491"}],"curies":[{"name":"wp","href":"https:\/\/api.w.org\/{rel}","templated":true}]}}